{"id":1098,"date":"2021-06-22T11:51:12","date_gmt":"2021-06-22T11:51:12","guid":{"rendered":"https:\/\/bslthemes.site\/minterio\/?page_id=6"},"modified":"2023-01-27T11:49:59","modified_gmt":"2023-01-27T10:49:59","slug":"foldal","status":"publish","type":"page","link":"http:\/\/soliumdesign.com\/en\/","title":{"rendered":"Home"},"content":{"rendered":"<div data-elementor-type=\"wp-page\" data-elementor-id=\"1098\" class=\"elementor elementor-1098\">\n\t\t\t\t\t\t\t\t\t<section class=\"elementor-section elementor-top-section elementor-element elementor-element-eaa4683 elementor-section-full_width elementor-section-height-default elementor-section-height-default\" data-id=\"eaa4683\" data-element_type=\"section\">\n\t\t\t\t\t\t<div class=\"elementor-container elementor-column-gap-no\">\n\t\t\t\t\t<div class=\"elementor-column elementor-col-100 elementor-top-column elementor-element elementor-element-7772cfa\" data-id=\"7772cfa\" data-element_type=\"column\">\n\t\t\t<div class=\"elementor-widget-wrap elementor-element-populated\">\n\t\t\t\t\t\t\t\t<div class=\"elementor-element elementor-element-fe60900 elementor-widget elementor-widget-minterio-main-section\" data-id=\"fe60900\" data-element_type=\"widget\" data-widget_type=\"minterio-main-section.default\">\n\t\t\t\t<div class=\"elementor-widget-container\">\n\t\t\t\n\t\t<section class=\"main-banner\" style=\"background-image: url(http:\/\/soliumdesign.com\/wp-content\/themes\/minterio\/assets\/images\/main-banner-bg.jpg);\">\n\t\t\t<div class=\"container\">\n\t\t\t\t<div class=\"row align-items-center\">\n\t\t\t\t\t<div class=\"col-lg-6\">\n\t\t\t\t\t\t<div class=\"banner-content\">\n\t\t\t\t\t\t\t\t\t\t\t\t\t\t<h2 class=\"wow fadeInUp\" data-wow-duration=\"1000ms\">\n\t\t\t\t\t\t\t\t<span >\n\t\t\t\t\t\t\t\t\tForm\u00e1t adunk a k\u00e9pzeletnek.\t\t\t\t\t\t\t\t<\/span>\n\t\t\t\t\t\t\t<\/h2>\n\t\t\t\t\t\t\t\t\t\t\t\t\t\t\t\t\t\t\t\t\t\t\t\t\t\t\t\t\n\t\t\t\t\t\t\t<div class=\"clearfix\"><\/div>\n\t\t\t\t\t\t<\/div><!--banner-content end-->\n\t\t\t\t\t<\/div>\n\t\t\t\t\t<div class=\"col-lg-6\">\n\t\t\t\t\t\t\t\t\t\t\t\t<div class=\"banner-slider\">\n\t\t\t\t\t\t\t\t\t\t\t\t\t\t<div class=\"banner-slide\">\n\t\t\t\t\t\t\t\t\t\t\t\t\t\t\t\t<img decoding=\"async\" src=\"http:\/\/soliumdesign.com\/wp-content\/uploads\/2021\/07\/banner1.jpg\" alt=\"Image #1\" \/>\n\t\t\t\t\t\t\t\t\t\t\t\t\t\t\t<\/div><!--banner-slide end-->\n\t\t\t\t\t\t\t\t\t\t\t\t\t<\/div><!--banner-slider end-->\n\t\t\t\t\t\t\t\t\t\t\t<\/div>\n\t\t\t\t<\/div>\n\t\t\t<\/div>\n\t\t<\/section><!--main-banner end-->\n\n\t\t\t\t<\/div>\n\t\t\t\t<\/div>\n\t\t\t\t\t<\/div>\n\t\t<\/div>\n\t\t\t\t\t\t\t<\/div>\n\t\t<\/section>\n\t\t\t\t<section class=\"elementor-section elementor-top-section elementor-element elementor-element-4c7fad8 elementor-section-full_width elementor-section-height-default elementor-section-height-default\" data-id=\"4c7fad8\" data-element_type=\"section\">\n\t\t\t\t\t\t<div class=\"elementor-container elementor-column-gap-no\">\n\t\t\t\t\t<div class=\"elementor-column elementor-col-100 elementor-top-column elementor-element elementor-element-c2d95ec\" data-id=\"c2d95ec\" data-element_type=\"column\">\n\t\t\t<div class=\"elementor-widget-wrap elementor-element-populated\">\n\t\t\t\t\t\t\t\t<div class=\"elementor-element elementor-element-a1b7ea5 elementor-widget elementor-widget-minterio-about-us\" data-id=\"a1b7ea5\" data-element_type=\"widget\" data-widget_type=\"minterio-about-us.default\">\n\t\t\t\t<div class=\"elementor-widget-container\">\n\t\t\t\n\t\t<section class=\"block pb-0\">\n\t\t\t<div class=\"container\">\n\t\t\t\t<div class=\"about-us-section\">\n\t\t\t\t\t<div class=\"row align-items-center\">\n\t\t\t\t\t\t<div class=\"col-lg-6\">\n\t\t\t\t\t\t\t<div class=\"abt-imgz\">\n\t\t\t\t\t\t\t\t\t\t\t\t\t\t\t\t<img decoding=\"async\" class=\"wow fadeInUp\" data-wow-duration=\"1000ms\" src=\"http:\/\/soliumdesign.com\/wp-content\/uploads\/2021\/07\/abt1.jpg\" alt=\"\" \/>\n\t\t\t\t\t\t\t\t\t\t\t\t\t\t\t\t\t\t\t\t\t\t\t\t<img decoding=\"async\" class=\"wow fadeInRight\" data-wow-duration=\"1000ms\" data-wow-delay=\"400ms\" src=\"http:\/\/soliumdesign.com\/wp-content\/uploads\/2021\/07\/abt2.jpg\" alt=\"\" \/>\n\t\t\t\t\t\t\t\t\t\t\t\t\t\t\t<\/div><!--abt-imgz end-->\n\t\t\t\t\t\t\t\t\t\t\t\t\t<\/div>\n\t\t\t\t\t\t<div class=\"col-lg-6\">\n\t\t\t\t\t\t\t<div class=\"about-text\">\n\t\t\t\t\t\t\t\t\t\t\t\t\t\t\t\t<h2 class=\"sub-title\">\n\t\t\t\t\t\t\t\t\t<span >\n\t\t\t\t\t\t\t\t\t\tTo Customers\t\t\t\t\t\t\t\t\t<\/span>\n\t\t\t\t\t\t\t\t<\/h2>\n\t\t\t\t\t\t\t\t\t\t\t\t\t\t\t\t\t\t\t\t\t\t\t\t<div class=\"description\">\n\t\t\t\t\t\t\t\t\t<div >\n\t\t\t\t\t\t\t\t\t\t<p>What should you know about before renovation?<\/p>\t\t\t\t\t\t\t\t\t<\/div>\n\t\t\t\t\t\t\t\t<\/div>\n\t\t\t\t\t\t\t\t\t\t\t\t\t\t\t\t\t\t\t\t\t\t\t\t<a href=\"http:\/\/soliumdesign.com\/en\/befektetoknek-megrendeloknek\/\" class=\"lnk-default2\">\n\t\t\t\t\t\t\t\t\t<span >\n\t\t\t\t\t\t\t\t\t\tRead more\t\t\t\t\t\t\t\t\t<\/span>\n\t\t\t\t\t\t\t\t\t<i class=\"la la-arrow-right\"><\/i>\n\t\t\t\t\t\t\t\t<\/a>\n\t\t\t\t\t\t\t\t\t\t\t\t\t\t\t<\/div><!--about-text end-->\n\t\t\t\t\t\t<\/div>\n\t\t\t\t\t<\/div>\n\t\t\t\t<\/div><!--about-us-section end-->\n\t\t\t<\/div>\n\t\t<\/section>\n\n\t\t\t\t<\/div>\n\t\t\t\t<\/div>\n\t\t\t\t\t<\/div>\n\t\t<\/div>\n\t\t\t\t\t\t\t<\/div>\n\t\t<\/section>\n\t\t\t\t<section class=\"elementor-section elementor-top-section elementor-element elementor-element-0e89ea7 elementor-section-full_width elementor-section-height-default elementor-section-height-default\" data-id=\"0e89ea7\" data-element_type=\"section\">\n\t\t\t\t\t\t<div class=\"elementor-container elementor-column-gap-no\">\n\t\t\t\t\t<div class=\"elementor-column elementor-col-100 elementor-top-column elementor-element elementor-element-d77cba5\" data-id=\"d77cba5\" data-element_type=\"column\">\n\t\t\t<div class=\"elementor-widget-wrap elementor-element-populated\">\n\t\t\t\t\t\t\t\t<div class=\"elementor-element elementor-element-27404a3 elementor-widget elementor-widget-minterio-testimonials\" data-id=\"27404a3\" data-element_type=\"widget\" data-widget_type=\"minterio-testimonials.default\">\n\t\t\t\t<div class=\"elementor-widget-container\">\n\t\t\t\n\t\t<section class=\"block testi-section\">\n\t\t\t<div class=\"container\">\n\t\t\t\t\t\t\t\t<div class=\"section-title\">\n\t\t\t\t\t<h3 class=\"sub-title\">\n\t\t\t\t\t\t<span >\n\t\t\t\t\t\t\tK\u00f6sz\u00f6netnyilv\u00e1n\u00edt\u00e1s\t\t\t\t\t\t<\/span>\n\t\t\t\t\t<\/h3>\n\t\t\t\t<\/div><!--section-title end-->\n\t\t\t\t\t\t\t\t\t\t\t\t<div class=\"testimonial-section\">\n\t\t\t\t\t<div class=\"row testi-carousel\">\n\t\t\t\t\t\t\t\t\t\t\t\t<div class=\"col-lg-4\">\n\t\t\t\t\t\t\t<div class=\"testi-slide\">\n\t\t\t\t\t\t\t\t<div class=\"testi-head\">\n\t\t\t\t\t\t\t\t\t\t\t\t\t\t\t\t\t\t<img decoding=\"async\" src=\"http:\/\/soliumdesign.com\/wp-content\/uploads\/2021\/07\/ico1.png\" alt=\"Kriszti\u00e1n.\" \/>\n\t\t\t\t\t\t\t\t\t\t\t\t\t\t\t\t\t\t\t\t\t\t\t\t\t\t\t<div class=\"user-info\">\n\t\t\t\t\t\t\t\t\t\t\t\t\t\t\t\t\t\t\t\t<h3>\n\t\t\t\t\t\t\t\t\t\t\t<span >\n\t\t\t\t\t\t\t\t\t\t\t\tKriszti\u00e1n.\t\t\t\t\t\t\t\t\t\t\t<\/span>\n\t\t\t\t\t\t\t\t\t\t<\/h3>\n\t\t\t\t\t\t\t\t\t\t\t\t\t\t\t\t\t\t\t\t\t\t\t\t\t\t\t\t\t\t<span>\n\t\t\t\t\t\t\t\t\t\t\t<span >\n\t\t\t\t\t\t\t\t\t\t\t\tBefektet\u0151\t\t\t\t\t\t\t\t\t\t\t<\/span>\n\t\t\t\t\t\t\t\t\t\t<\/span>\n\t\t\t\t\t\t\t\t\t\t\t\t\t\t\t\t\t\t\t<\/div>\n\t\t\t\t\t\t\t\t\t\t\t\t\t\t\t\t\t<\/div>\n\t\t\t\t\t\t\t\t\t\t\t\t\t\t\t\t<div class=\"description\">\n\t\t\t\t\t\t\t\t\t<div >\n\t\t\t\t\t\t\t\t\t\tNagyon j\u00f3 munk\u00e1t v\u00e9geztek a sr\u00e1cok. Eg\u00e9sz fel\u00faj\u00edt\u00e1s alatt kiv\u00e1l\u00f3an egy\u00fcttm\u0171k\u00f6d\u0151ek voltak.\t\t\t\t\t\t\t\t\t<\/div>\n\t\t\t\t\t\t\t\t<\/div>\n\t\t\t\t\t\t\t\t\t\t\t\t\t\t\t\t\t\t\t\t\t\t\t\t<ul class=\"rating\">\n\t\t\t\t\t\t\t\t\t\t\t\t\t\t                \t\t\t\t\t                <li><i class=\"la la-star\"><\/i><\/li>\n\t\t\t\t\t                \t\t\t\t\t                \t\t\t\t\t                \t\t\t\t\t                <li><i class=\"la la-star\"><\/i><\/li>\n\t\t\t\t\t                \t\t\t\t\t                \t\t\t\t\t                \t\t\t\t\t                <li><i class=\"la la-star\"><\/i><\/li>\n\t\t\t\t\t                \t\t\t\t\t                \t\t\t\t\t                \t\t\t\t\t                <li><i class=\"la la-star\"><\/i><\/li>\n\t\t\t\t\t                \t\t\t\t\t                \t\t\t\t\t                \t\t\t\t\t                <li><i class=\"la la-star\"><\/i><\/li>\n\t\t\t\t\t                \t\t\t\t\t                \t\t\t\t\t\t\t\t<\/ul>\n\t\t\t\t\t\t\t\t\t\t\t\t\t\t\t<\/div><!--testi-slide end-->\n\t\t\t\t\t\t<\/div>\n\t\t\t\t\t\t\t\t\t\t\t\t<div class=\"col-lg-4\">\n\t\t\t\t\t\t\t<div class=\"testi-slide\">\n\t\t\t\t\t\t\t\t<div class=\"testi-head\">\n\t\t\t\t\t\t\t\t\t\t\t\t\t\t\t\t\t\t<img decoding=\"async\" src=\"http:\/\/soliumdesign.com\/wp-content\/uploads\/2021\/07\/ico1.png\" alt=\"L\u00e9na\" \/>\n\t\t\t\t\t\t\t\t\t\t\t\t\t\t\t\t\t\t\t\t\t\t\t\t\t\t\t<div class=\"user-info\">\n\t\t\t\t\t\t\t\t\t\t\t\t\t\t\t\t\t\t\t\t<h3>\n\t\t\t\t\t\t\t\t\t\t\t<span >\n\t\t\t\t\t\t\t\t\t\t\t\tL\u00e9na\t\t\t\t\t\t\t\t\t\t\t<\/span>\n\t\t\t\t\t\t\t\t\t\t<\/h3>\n\t\t\t\t\t\t\t\t\t\t\t\t\t\t\t\t\t\t\t\t\t\t\t\t\t\t\t\t\t\t<span>\n\t\t\t\t\t\t\t\t\t\t\t<span >\n\t\t\t\t\t\t\t\t\t\t\t\tLak\u00e1stulajdonos\t\t\t\t\t\t\t\t\t\t\t<\/span>\n\t\t\t\t\t\t\t\t\t\t<\/span>\n\t\t\t\t\t\t\t\t\t\t\t\t\t\t\t\t\t\t\t<\/div>\n\t\t\t\t\t\t\t\t\t\t\t\t\t\t\t\t\t<\/div>\n\t\t\t\t\t\t\t\t\t\t\t\t\t\t\t\t<div class=\"description\">\n\t\t\t\t\t\t\t\t\t<div >\n\t\t\t\t\t\t\t\t\t\t<p>A lak\u00e1st, fel\u00faj\u00edt\u00e1s ut\u00e1n v\u00e1s\u00e1roltam t\u0151l\u00fck. Sokat tart\u00f3zkodom Magyarorsz\u00e1gon ezen bel\u00fcl, Budapesten az \u00e9v sor\u00e1n. Fontos volt sz\u00e1momra, hogy egy modern, st\u00edlusos lak\u00e1som legyen itt is, ne hotelben kelljen megsz\u00e1llnom. Azonnal m\u00e1sodik otthonra leltem benne.<\/p>\t\t\t\t\t\t\t\t\t<\/div>\n\t\t\t\t\t\t\t\t<\/div>\n\t\t\t\t\t\t\t\t\t\t\t\t\t\t\t\t\t\t\t\t\t\t\t\t<ul class=\"rating\">\n\t\t\t\t\t\t\t\t\t\t\t\t\t\t                \t\t\t\t\t                <li><i class=\"la la-star\"><\/i><\/li>\n\t\t\t\t\t                \t\t\t\t\t                \t\t\t\t\t                \t\t\t\t\t                <li><i class=\"la la-star\"><\/i><\/li>\n\t\t\t\t\t                \t\t\t\t\t                \t\t\t\t\t                \t\t\t\t\t                <li><i class=\"la la-star\"><\/i><\/li>\n\t\t\t\t\t                \t\t\t\t\t                \t\t\t\t\t                \t\t\t\t\t                <li><i class=\"la la-star\"><\/i><\/li>\n\t\t\t\t\t                \t\t\t\t\t                \t\t\t\t\t                \t\t\t\t\t                <li><i class=\"la la-star\"><\/i><\/li>\n\t\t\t\t\t                \t\t\t\t\t                \t\t\t\t\t\t\t\t<\/ul>\n\t\t\t\t\t\t\t\t\t\t\t\t\t\t\t<\/div><!--testi-slide end-->\n\t\t\t\t\t\t<\/div>\n\t\t\t\t\t\t\t\t\t\t\t\t<div class=\"col-lg-4\">\n\t\t\t\t\t\t\t<div class=\"testi-slide\">\n\t\t\t\t\t\t\t\t<div class=\"testi-head\">\n\t\t\t\t\t\t\t\t\t\t\t\t\t\t\t\t\t\t<img decoding=\"async\" src=\"http:\/\/soliumdesign.com\/wp-content\/uploads\/2021\/07\/ico1.png\" alt=\"Sebesty\u00e9n \u00e9s csal\u00e1dja\" \/>\n\t\t\t\t\t\t\t\t\t\t\t\t\t\t\t\t\t\t\t\t\t\t\t\t\t\t\t<div class=\"user-info\">\n\t\t\t\t\t\t\t\t\t\t\t\t\t\t\t\t\t\t\t\t<h3>\n\t\t\t\t\t\t\t\t\t\t\t<span >\n\t\t\t\t\t\t\t\t\t\t\t\tSebesty\u00e9n \u00e9s csal\u00e1dja\t\t\t\t\t\t\t\t\t\t\t<\/span>\n\t\t\t\t\t\t\t\t\t\t<\/h3>\n\t\t\t\t\t\t\t\t\t\t\t\t\t\t\t\t\t\t\t\t\t\t\t\t\t\t\t\t\t\t<span>\n\t\t\t\t\t\t\t\t\t\t\t<span >\n\t\t\t\t\t\t\t\t\t\t\t\tLak\u00e1stulajdonos\t\t\t\t\t\t\t\t\t\t\t<\/span>\n\t\t\t\t\t\t\t\t\t\t<\/span>\n\t\t\t\t\t\t\t\t\t\t\t\t\t\t\t\t\t\t\t<\/div>\n\t\t\t\t\t\t\t\t\t\t\t\t\t\t\t\t\t<\/div>\n\t\t\t\t\t\t\t\t\t\t\t\t\t\t\t\t<div class=\"description\">\n\t\t\t\t\t\t\t\t\t<div >\n\t\t\t\t\t\t\t\t\t\t<p>Vid\u00e9kr\u0151l Pestre egyetemre k\u00e9sz\u00fcl\u0151 l\u00e1nyomnak akartam egy lak\u00e1st. Mindenk\u00e9ppen t\u00f6bb h\u00e1l\u00f3szob\u00e1s lak\u00e1sra volt sz\u00fcks\u00e9g\u00fcnk, ha feles\u00e9gemmel mi is felj\u00f6v\u00fcnk l\u00e1togat\u00f3ba. A v\u00e9geredm\u00e9ny b\u00e1mulatos!<\/p>\t\t\t\t\t\t\t\t\t<\/div>\n\t\t\t\t\t\t\t\t<\/div>\n\t\t\t\t\t\t\t\t\t\t\t\t\t\t\t\t\t\t\t\t\t\t\t\t<ul class=\"rating\">\n\t\t\t\t\t\t\t\t\t\t\t\t\t\t                \t\t\t\t\t                <li><i class=\"la la-star\"><\/i><\/li>\n\t\t\t\t\t                \t\t\t\t\t                \t\t\t\t\t                \t\t\t\t\t                <li><i class=\"la la-star\"><\/i><\/li>\n\t\t\t\t\t                \t\t\t\t\t                \t\t\t\t\t                \t\t\t\t\t                <li><i class=\"la la-star\"><\/i><\/li>\n\t\t\t\t\t                \t\t\t\t\t                \t\t\t\t\t                \t\t\t\t\t                <li><i class=\"la la-star\"><\/i><\/li>\n\t\t\t\t\t                \t\t\t\t\t                \t\t\t\t\t                \t\t\t\t\t                <li><i class=\"la la-star\"><\/i><\/li>\n\t\t\t\t\t                \t\t\t\t\t                \t\t\t\t\t\t\t\t<\/ul>\n\t\t\t\t\t\t\t\t\t\t\t\t\t\t\t<\/div><!--testi-slide end-->\n\t\t\t\t\t\t<\/div>\n\t\t\t\t\t\t\t\t\t\t\t\t<div class=\"col-lg-4\">\n\t\t\t\t\t\t\t<div class=\"testi-slide\">\n\t\t\t\t\t\t\t\t<div class=\"testi-head\">\n\t\t\t\t\t\t\t\t\t\t\t\t\t\t\t\t\t\t<img decoding=\"async\" src=\"http:\/\/soliumdesign.com\/wp-content\/uploads\/2021\/07\/ico1.png\" alt=\"Ott\u00f3 \u00e9s Szintia\" \/>\n\t\t\t\t\t\t\t\t\t\t\t\t\t\t\t\t\t\t\t\t\t\t\t\t\t\t\t<div class=\"user-info\">\n\t\t\t\t\t\t\t\t\t\t\t\t\t\t\t\t\t\t\t\t<h3>\n\t\t\t\t\t\t\t\t\t\t\t<span >\n\t\t\t\t\t\t\t\t\t\t\t\tOtt\u00f3 \u00e9s Szintia\t\t\t\t\t\t\t\t\t\t\t<\/span>\n\t\t\t\t\t\t\t\t\t\t<\/h3>\n\t\t\t\t\t\t\t\t\t\t\t\t\t\t\t\t\t\t\t\t\t\t\t\t\t\t\t\t\t\t<span>\n\t\t\t\t\t\t\t\t\t\t\t<span >\n\t\t\t\t\t\t\t\t\t\t\t\tLak\u00e1stulajdonosok\t\t\t\t\t\t\t\t\t\t\t<\/span>\n\t\t\t\t\t\t\t\t\t\t<\/span>\n\t\t\t\t\t\t\t\t\t\t\t\t\t\t\t\t\t\t\t<\/div>\n\t\t\t\t\t\t\t\t\t\t\t\t\t\t\t\t\t<\/div>\n\t\t\t\t\t\t\t\t\t\t\t\t\t\t\t\t<div class=\"description\">\n\t\t\t\t\t\t\t\t\t<div >\n\t\t\t\t\t\t\t\t\t\t<p>F\u00e9rjemmel v\u00e1s\u00e1roltunk egy ingatlant. Tituszt \u00e9s a Tam\u00e1st kaptuk kontaktnak ismer\u0151s\u00fcnkt\u0151l, akiket a min\u00e9l hamarabbi bek\u00f6lt\u00f6z\u00e9s rem\u00e9ny\u00e9ben h\u00edvtuk fel. K\u00e9szs\u00e9ges hozz\u00e1\u00e1ll\u00e1suknak h\u00e1la hamar kulcsrak\u00e9sz lett a lak\u00e1sunk.<\/p>\t\t\t\t\t\t\t\t\t<\/div>\n\t\t\t\t\t\t\t\t<\/div>\n\t\t\t\t\t\t\t\t\t\t\t\t\t\t\t\t\t\t\t\t\t\t\t\t<ul class=\"rating\">\n\t\t\t\t\t\t\t\t\t\t\t\t\t\t                \t\t\t\t\t                <li><i class=\"la la-star\"><\/i><\/li>\n\t\t\t\t\t                \t\t\t\t\t                \t\t\t\t\t                \t\t\t\t\t                <li><i class=\"la la-star\"><\/i><\/li>\n\t\t\t\t\t                \t\t\t\t\t                \t\t\t\t\t                \t\t\t\t\t                <li><i class=\"la la-star\"><\/i><\/li>\n\t\t\t\t\t                \t\t\t\t\t                \t\t\t\t\t                \t\t\t\t\t                <li><i class=\"la la-star\"><\/i><\/li>\n\t\t\t\t\t                \t\t\t\t\t                \t\t\t\t\t                \t\t\t\t\t                <li><i class=\"la la-star\"><\/i><\/li>\n\t\t\t\t\t                \t\t\t\t\t                \t\t\t\t\t\t\t\t<\/ul>\n\t\t\t\t\t\t\t\t\t\t\t\t\t\t\t<\/div><!--testi-slide end-->\n\t\t\t\t\t\t<\/div>\n\t\t\t\t\t\t\t\t\t\t\t<\/div>\n\t\t\t\t<\/div><!--testimonial-section end-->\n\t\t\t\t\t\t\t<\/div>\n\t\t<\/section>\n\n\t\t\t\t<\/div>\n\t\t\t\t<\/div>\n\t\t\t\t\t<\/div>\n\t\t<\/div>\n\t\t\t\t\t\t\t<\/div>\n\t\t<\/section>\n\t\t\t\t\t\t\t<\/div>","protected":false},"excerpt":{"rendered":"<p>Form\u00e1t adunk a k\u00e9pzeletnek. Befektet\u0151knek, megrendel\u0151knek Mit \u00e9rdemes tudni a k\u00fcl\u00f6nb\u00f6z\u0151 lak\u00e1s t\u00edpusokr\u00f3l miel\u0151tt fel\u00faj\u00edtan\u00e1l?&#8230; <\/p>\n<div class=\"readmore\"><a href=\"http:\/\/soliumdesign.com\/en\/\" class=\"lnk-default2\">View more<i class=\"la la-arrow-right\"><\/i><\/a><\/div>","protected":false},"author":1,"featured_media":0,"parent":0,"menu_order":0,"comment_status":"closed","ping_status":"closed","template":"template-layout-builder.php","meta":[],"acf":[],"_links":{"self":[{"href":"http:\/\/soliumdesign.com\/en\/wp-json\/wp\/v2\/pages\/1098"}],"collection":[{"href":"http:\/\/soliumdesign.com\/en\/wp-json\/wp\/v2\/pages"}],"about":[{"href":"http:\/\/soliumdesign.com\/en\/wp-json\/wp\/v2\/types\/page"}],"author":[{"embeddable":true,"href":"http:\/\/soliumdesign.com\/en\/wp-json\/wp\/v2\/users\/1"}],"replies":[{"embeddable":true,"href":"http:\/\/soliumdesign.com\/en\/wp-json\/wp\/v2\/comments?post=1098"}],"version-history":[{"count":36,"href":"http:\/\/soliumdesign.com\/en\/wp-json\/wp\/v2\/pages\/1098\/revisions"}],"predecessor-version":[{"id":1724,"href":"http:\/\/soliumdesign.com\/en\/wp-json\/wp\/v2\/pages\/1098\/revisions\/1724"}],"wp:attachment":[{"href":"http:\/\/soliumdesign.com\/en\/wp-json\/wp\/v2\/media?parent=1098"}],"curies":[{"name":"wp","href":"https:\/\/api.w.org\/{rel}","templated":true}]}}