{"id":321,"date":"2021-07-22T10:17:27","date_gmt":"2021-07-22T10:17:27","guid":{"rendered":"https:\/\/bslthemes.site\/minterio\/?page_id=321"},"modified":"2025-07-23T09:24:53","modified_gmt":"2025-07-23T08:24:53","slug":"korabbi-munkaink","status":"publish","type":"page","link":"http:\/\/soliumdesign.com\/en\/korabbi-munkaink\/","title":{"rendered":"Our projects"},"content":{"rendered":"<div data-elementor-type=\"wp-page\" data-elementor-id=\"321\" class=\"elementor elementor-321\">\n\t\t\t\t\t\t\t\t\t<section class=\"elementor-section elementor-top-section elementor-element elementor-element-972f287 elementor-section-full_width elementor-section-height-default elementor-section-height-default\" data-id=\"972f287\" data-element_type=\"section\">\n\t\t\t\t\t\t<div class=\"elementor-container elementor-column-gap-no\">\n\t\t\t\t\t<div class=\"elementor-column elementor-col-100 elementor-top-column elementor-element elementor-element-13bcfcb\" data-id=\"13bcfcb\" data-element_type=\"column\">\n\t\t\t<div class=\"elementor-widget-wrap elementor-element-populated\">\n\t\t\t\t\t\t\t\t<div class=\"elementor-element elementor-element-0cefdd5 elementor-widget elementor-widget-minterio-started\" data-id=\"0cefdd5\" data-element_type=\"widget\" data-widget_type=\"minterio-started.default\">\n\t\t\t\t<div class=\"elementor-widget-container\">\n\t\t\t\n\t\t<section class=\"pager-section\" style=\"background-image: url(http:\/\/soliumdesign.com\/wp-content\/themes\/minterio\/assets\/images\/main-banner-bg.jpg);\">\n\t\t\t<div class=\"container\">\n\t\t\t\t<div class=\"pager-info\">\n\t\t\t\t\t\t\t\t\t\t\t\t\t\t\t<h2>\n\t\t\t\t\t\t<span >\n\t\t\t\t\t\t\tLatest projects\t\t\t\t\t\t<\/span>\n\t\t\t\t\t<\/h2>\n\t\t\t\t\t\t\t\t\t\t\t\t\t\t<\/div>\n\t\t\t\t<div class=\"pger-imgs style2\">\n\t\t\t\t\t<div class=\"abt-imgz\">\n\t\t\t\t\t\t\t\t\t\t\t\t<img decoding=\"async\" src=\"http:\/\/soliumdesign.com\/wp-content\/uploads\/2021\/07\/about3.jpg\" alt=\"\" \/>\n\t\t\t\t\t\t\t\t\t\t\t\t\t\t\t\t\t<\/div>\n\t\t\t\t<\/div><!--pger-imgs end-->\n\t\t\t\t<div class=\"clearfix\"><\/div>\n\t\t\t<\/div>\n\t\t<\/section><!--pager-section end-->\n\n\t\t\t\t<\/div>\n\t\t\t\t<\/div>\n\t\t\t\t\t<\/div>\n\t\t<\/div>\n\t\t\t\t\t\t\t<\/div>\n\t\t<\/section>\n\t\t\t\t<section class=\"elementor-section elementor-top-section elementor-element elementor-element-ec22d64 elementor-section-full_width elementor-section-height-default elementor-section-height-default\" data-id=\"ec22d64\" data-element_type=\"section\">\n\t\t\t\t\t\t<div class=\"elementor-container elementor-column-gap-no\">\n\t\t\t\t\t<div class=\"elementor-column elementor-col-100 elementor-top-column elementor-element elementor-element-df62292\" data-id=\"df62292\" data-element_type=\"column\">\n\t\t\t<div class=\"elementor-widget-wrap elementor-element-populated\">\n\t\t\t\t\t\t\t\t<div class=\"elementor-element elementor-element-d6e880f elementor-widget__width-inherit elementor-widget elementor-widget-minterio-portfolio\" data-id=\"d6e880f\" data-element_type=\"widget\" data-widget_type=\"minterio-portfolio.default\">\n\t\t\t\t<div class=\"elementor-widget-container\">\n\t\t\t\n\t\t<section class=\"page-content\">\n\t\t\t<div class=\"container\">\n\t\t\t\t<div class=\"portfolio-page\">\n\t\t\t\t\t\t\t\t\t\t<div class=\"section-title\">\n\t\t\t\t\t\t\t\t\t\t\t\t<h3 class=\"sub-title w-100\">\n\t\t\t\t\t\t\t<span >\n\t\t\t\t\t\t\t\tB\u00fcszkes\u00e9geink, a teljess\u00e9g ig\u00e9nye n\u00e9lk\u00fcl. <br \/>  Mer\u00fclj el a bels\u0151 \u00e9p\u00edt\u00e9szet sz\u00e9ps\u00e9geiben.\t\t\t\t\t\t\t<\/span>\n\t\t\t\t\t\t<\/h3>\n\t\t\t\t\t\t\t\t\t\t\t\t\t\t\t\t\t<\/div><!--section-title end-->\n\t\t\t\t\t\t\t\t\t\t\t\t\t\t\t<div class=\"options\">\n\t\t\t\t\t\t<div class=\"option-isotop text-left\">\n\t\t\t\t\t\t\t<ul id=\"filter\" class=\"option-set filters-nav\" data-option-key=\"filter\">\n\t\t\t\t\t\t\t\t<li><a data-option-value=\"*\" class=\"selected\" data-no-translation=\"\" data-trp-gettext=\"\">All<\/a><\/li>\n\t\t\t\t\t\t\t\t\t\t\t\t\t\t\t\t<li><a data-option-value=\".sorting-korabbi-munkaink\">Our projects<\/a><\/li>\n\t\t\t\t\t\t\t\t\t\t\t\t\t\t\t<\/ul>\n\t\t\t\t\t\t<\/div>\n\t\t\t\t\t<\/div><!--isotope options end-->\n\t\t\t\t\t\t\t\t\t\t\t\t\t\t\t<div class=\"row\">\n\t\t\t\t\t\t<div class=\"masonary\">\n\t\t\t\t\t\t\t\n<div class=\"col-lg-4 col-md-4 col-sm-6 sorting-korabbi-munkaink\">\n\t<div class=\"project-item\">\n\t\t\t\t<a href=\"http:\/\/soliumdesign.com\/en\/portfolio\/item\/budapest-ix-kerulet-lonyay-utca\/\"><img decoding=\"async\" src=\"http:\/\/soliumdesign.com\/wp-content\/uploads\/2023\/01\/p20716427-900x600.jpg\" alt=\"Bp. IX., L\u00f3nyay u.\" \/><\/a>\n\t\t\t\t\t\t<div class=\"project-info\">\n\t\t\t\t\t\t<h3><a href=\"http:\/\/soliumdesign.com\/en\/portfolio\/item\/budapest-ix-kerulet-lonyay-utca\/\">Bp. IX., L\u00f3nyay u.<\/a><\/h3>\n\t\t\t\t\t\t\t\t<\/div><!--project-info end-->\n\t\t\t<\/div><!--project-item end-->\n<\/div>\n<div class=\"col-lg-4 col-md-4 col-sm-6 sorting-korabbi-munkaink\">\n\t<div class=\"project-item\">\n\t\t\t\t<a href=\"http:\/\/soliumdesign.com\/en\/portfolio\/item\/budapest-v-kerulet-szarka-utca\/\"><img decoding=\"async\" src=\"http:\/\/soliumdesign.com\/wp-content\/uploads\/2023\/01\/IMG_1879-1-900x1200.jpg\" alt=\"Bp. V., Szarka u\" \/><\/a>\n\t\t\t\t\t\t<div class=\"project-info\">\n\t\t\t\t\t\t<h3><a href=\"http:\/\/soliumdesign.com\/en\/portfolio\/item\/budapest-v-kerulet-szarka-utca\/\">Bp. V., Szarka u<\/a><\/h3>\n\t\t\t\t\t\t\t\t<\/div><!--project-info end-->\n\t\t\t<\/div><!--project-item end-->\n<\/div>\n<div class=\"col-lg-4 col-md-4 col-sm-6 sorting-korabbi-munkaink\">\n\t<div class=\"project-item\">\n\t\t\t\t<a href=\"http:\/\/soliumdesign.com\/en\/portfolio\/item\/budapest-vi-kerulet-jokai-utca\/\"><img decoding=\"async\" src=\"http:\/\/soliumdesign.com\/wp-content\/uploads\/2023\/01\/DSC06296.jpg\" alt=\"Bp. VI., J\u00f3kai u\" \/><\/a>\n\t\t\t\t\t\t<div class=\"project-info\">\n\t\t\t\t\t\t<h3><a href=\"http:\/\/soliumdesign.com\/en\/portfolio\/item\/budapest-vi-kerulet-jokai-utca\/\">Bp. VI., J\u00f3kai u<\/a><\/h3>\n\t\t\t\t\t\t\t\t<\/div><!--project-info end-->\n\t\t\t<\/div><!--project-item end-->\n<\/div>\n<div class=\"col-lg-4 col-md-4 col-sm-6 sorting-korabbi-munkaink\">\n\t<div class=\"project-item\">\n\t\t\t\t<a href=\"http:\/\/soliumdesign.com\/en\/portfolio\/item\/budapest-vii-kerulet-nyar-utca\/\"><img decoding=\"async\" src=\"http:\/\/soliumdesign.com\/wp-content\/uploads\/2023\/01\/IMG_3317-900x1200.jpg\" alt=\"Bp. VII., Ny\u00e1r u.\" \/><\/a>\n\t\t\t\t\t\t<div class=\"project-info\">\n\t\t\t\t\t\t<h3><a href=\"http:\/\/soliumdesign.com\/en\/portfolio\/item\/budapest-vii-kerulet-nyar-utca\/\">Bp. VII., Ny\u00e1r u.<\/a><\/h3>\n\t\t\t\t\t\t\t\t<\/div><!--project-info end-->\n\t\t\t<\/div><!--project-item end-->\n<\/div>\n<div class=\"col-lg-4 col-md-4 col-sm-6 sorting-korabbi-munkaink\">\n\t<div class=\"project-item\">\n\t\t\t\t<a href=\"http:\/\/soliumdesign.com\/en\/portfolio\/item\/budapest-vii-kerulet-rakoczi-ut\/\"><img decoding=\"async\" src=\"http:\/\/soliumdesign.com\/wp-content\/uploads\/2023\/01\/MG_4053-Edit-900x600.jpg\" alt=\"Bp. VII., R\u00e1k\u00f3czi \u00fat\" \/><\/a>\n\t\t\t\t\t\t<div class=\"project-info\">\n\t\t\t\t\t\t<h3><a href=\"http:\/\/soliumdesign.com\/en\/portfolio\/item\/budapest-vii-kerulet-rakoczi-ut\/\">Bp. VII., R\u00e1k\u00f3czi \u00fat<\/a><\/h3>\n\t\t\t\t\t\t\t\t<\/div><!--project-info end-->\n\t\t\t<\/div><!--project-item end-->\n<\/div>\n<div class=\"col-lg-4 col-md-4 col-sm-6 sorting-korabbi-munkaink\">\n\t<div class=\"project-item\">\n\t\t\t\t<a href=\"http:\/\/soliumdesign.com\/en\/portfolio\/item\/brody-sandor-utca\/\"><img decoding=\"async\" src=\"http:\/\/soliumdesign.com\/wp-content\/uploads\/2023\/01\/IMG_2453-900x675.jpg\" alt=\"Bp. VIII., Br\u00f3dy S\u00e1ndor utca\" \/><\/a>\n\t\t\t\t\t\t<div class=\"project-info\">\n\t\t\t\t\t\t<h3><a href=\"http:\/\/soliumdesign.com\/en\/portfolio\/item\/brody-sandor-utca\/\">Bp. VIII., Br\u00f3dy S\u00e1ndor utca<\/a><\/h3>\n\t\t\t\t\t\t\t\t<\/div><!--project-info end-->\n\t\t\t<\/div><!--project-item end-->\n<\/div>\n<div class=\"col-lg-4 col-md-4 col-sm-6 sorting-korabbi-munkaink\">\n\t<div class=\"project-item\">\n\t\t\t\t<a href=\"http:\/\/soliumdesign.com\/en\/portfolio\/item\/sip-utca\/\"><img decoding=\"async\" src=\"http:\/\/soliumdesign.com\/wp-content\/uploads\/2023\/01\/DSC05550-900x1350.jpg\" alt=\"Bp. XVII., S\u00edp utca\" \/><\/a>\n\t\t\t\t\t\t<div class=\"project-info\">\n\t\t\t\t\t\t<h3><a href=\"http:\/\/soliumdesign.com\/en\/portfolio\/item\/sip-utca\/\">Bp. XVII., S\u00edp utca<\/a><\/h3>\n\t\t\t\t\t\t\t\t<\/div><!--project-info end-->\n\t\t\t<\/div><!--project-item end-->\n<\/div>\n<div class=\"col-lg-4 col-md-4 col-sm-6 sorting-korabbi-munkaink\">\n\t<div class=\"project-item\">\n\t\t\t\t<a href=\"http:\/\/soliumdesign.com\/en\/portfolio\/item\/rona-utca\/\"><img decoding=\"async\" src=\"http:\/\/soliumdesign.com\/wp-content\/uploads\/2023\/01\/DSC00652-HDR-900x600.jpg\" alt=\"Bp. XIV., R\u00f3na utca\" \/><\/a>\n\t\t\t\t\t\t<div class=\"project-info\">\n\t\t\t\t\t\t<h3><a href=\"http:\/\/soliumdesign.com\/en\/portfolio\/item\/rona-utca\/\">Bp. XIV., R\u00f3na utca<\/a><\/h3>\n\t\t\t\t\t\t\t\t<\/div><!--project-info end-->\n\t\t\t<\/div><!--project-item end-->\n<\/div>\n<div class=\"col-lg-4 col-md-4 col-sm-6 sorting-korabbi-munkaink\">\n\t<div class=\"project-item\">\n\t\t\t\t<a href=\"http:\/\/soliumdesign.com\/en\/portfolio\/item\/dohany-utca\/\"><img decoding=\"async\" src=\"http:\/\/soliumdesign.com\/wp-content\/uploads\/2023\/01\/DSC04060-900x600.jpg\" alt=\"Bp., VII., Doh\u00e1ny utca\" \/><\/a>\n\t\t\t\t\t\t<div class=\"project-info\">\n\t\t\t\t\t\t<h3><a href=\"http:\/\/soliumdesign.com\/en\/portfolio\/item\/dohany-utca\/\">Bp., VII., Doh\u00e1ny utca<\/a><\/h3>\n\t\t\t\t\t\t\t\t<\/div><!--project-info end-->\n\t\t\t<\/div><!--project-item end-->\n<\/div>\n<div class=\"col-lg-4 col-md-4 col-sm-6 sorting-korabbi-munkaink\">\n\t<div class=\"project-item\">\n\t\t\t\t<a href=\"http:\/\/soliumdesign.com\/en\/portfolio\/item\/budapest-vii-kerulet-rumbach-sebestyen-utca\/\"><img decoding=\"async\" src=\"http:\/\/soliumdesign.com\/wp-content\/uploads\/2023\/07\/DSC03336-HDR-900x600.jpg\" alt=\"Budapest, VII. ker\u00fclet, Rumbach Sebesty\u00e9n utca\" \/><\/a>\n\t\t\t\t\t\t<div class=\"project-info\">\n\t\t\t\t\t\t<h3><a href=\"http:\/\/soliumdesign.com\/en\/portfolio\/item\/budapest-vii-kerulet-rumbach-sebestyen-utca\/\">Budapest, VII. ker\u00fclet, Rumbach Sebesty\u00e9n utca<\/a><\/h3>\n\t\t\t\t\t\t\t\t<\/div><!--project-info end-->\n\t\t\t<\/div><!--project-item end-->\n<\/div>\n<div class=\"col-lg-4 col-md-4 col-sm-6 sorting-korabbi-munkaink\">\n\t<div class=\"project-item\">\n\t\t\t\t<a href=\"http:\/\/soliumdesign.com\/en\/portfolio\/item\/budapest-ix-kerulet-raday-utca\/\"><img decoding=\"async\" src=\"http:\/\/soliumdesign.com\/wp-content\/uploads\/2025\/07\/soliumdesign_raday-1-900x600.jpg\" alt=\"Budapest, IX. ker\u00fclet, R\u00e1day utca\" \/><\/a>\n\t\t\t\t\t\t<div class=\"project-info\">\n\t\t\t\t\t\t<h3><a href=\"http:\/\/soliumdesign.com\/en\/portfolio\/item\/budapest-ix-kerulet-raday-utca\/\">Budapest, IX. ker\u00fclet, R\u00e1day utca<\/a><\/h3>\n\t\t\t\t\t\t\t\t<\/div><!--project-info end-->\n\t\t\t<\/div><!--project-item end-->\n<\/div>\t\t\t\t\t\t<\/div><!--masonary end-->\n\t\t\t\t\t<\/div>\n\n\t\t\t\t\t\n\t\t\t\t\t\t\t\t\t<\/div><!--portfolio-page end-->\n\t\t\t<\/div>\n\t\t<\/section><!--page-content end-->\n\n\t\t\t\t<\/div>\n\t\t\t\t<\/div>\n\t\t\t\t\t<\/div>\n\t\t<\/div>\n\t\t\t\t\t\t\t<\/div>\n\t\t<\/section>\n\t\t\t\t\t\t\t<\/div>","protected":false},"excerpt":{"rendered":"<p>Munk\u00e1ink B\u00fcszkes\u00e9geink, a teljess\u00e9g ig\u00e9nye n\u00e9lk\u00fcl. Mer\u00fclj el a bels\u0151 \u00e9p\u00edt\u00e9szet sz\u00e9ps\u00e9geiben. All Kor\u00e1bbi munk\u00e1ink&#8230; <\/p>\n<div class=\"readmore\"><a href=\"http:\/\/soliumdesign.com\/en\/portfolio\/item\/budapest-ix-kerulet-raday-utca\/\" class=\"lnk-default2\">View more<i class=\"la la-arrow-right\"><\/i><\/a><\/div>","protected":false},"author":1,"featured_media":0,"parent":0,"menu_order":0,"comment_status":"closed","ping_status":"closed","template":"template-layout-builder.php","meta":[],"acf":[],"_links":{"self":[{"href":"http:\/\/soliumdesign.com\/en\/wp-json\/wp\/v2\/pages\/321"}],"collection":[{"href":"http:\/\/soliumdesign.com\/en\/wp-json\/wp\/v2\/pages"}],"about":[{"href":"http:\/\/soliumdesign.com\/en\/wp-json\/wp\/v2\/types\/page"}],"author":[{"embeddable":true,"href":"http:\/\/soliumdesign.com\/en\/wp-json\/wp\/v2\/users\/1"}],"replies":[{"embeddable":true,"href":"http:\/\/soliumdesign.com\/en\/wp-json\/wp\/v2\/comments?post=321"}],"version-history":[{"count":31,"href":"http:\/\/soliumdesign.com\/en\/wp-json\/wp\/v2\/pages\/321\/revisions"}],"predecessor-version":[{"id":1977,"href":"http:\/\/soliumdesign.com\/en\/wp-json\/wp\/v2\/pages\/321\/revisions\/1977"}],"wp:attachment":[{"href":"http:\/\/soliumdesign.com\/en\/wp-json\/wp\/v2\/media?parent=321"}],"curies":[{"name":"wp","href":"https:\/\/api.w.org\/{rel}","templated":true}]}}